{"id":1240,"date":"2024-04-15T07:58:32","date_gmt":"2024-04-15T07:58:32","guid":{"rendered":"https:\/\/www.vnenergy.cz\/?page_id=1240"},"modified":"2024-07-11T13:04:53","modified_gmt":"2024-07-11T13:04:53","slug":"one-page-express","status":"publish","type":"page","link":"https:\/\/www.vnenergy.cz\/","title":{"rendered":"Front Page"},"content":{"rendered":"<div  data-label=\"FVE MODRANY\" data-id=\"features-square-image-section\" data-category=\"features\" class=\"features-square-image-section\" id=\"fve-modrany\" style=\"background-color: rgb(246, 246, 246);\"> <div  class=\"gridContainer dynamic-color\"> <div  class=\"features-square-image-textrow\"> <div  class=\"features-square-image-textcol\" data-type=\"column\"> <h2  class=\"\">FVE Mod\u0159any<\/h2>  <div  class=\"spacer\" data-type=\"group\"><span  class=\"fa before\"><\/span><i  class=\"fa fa-bandcamp\"><\/i><span  class=\"fa after\"><\/span><\/div><\/div> <\/div> <div  class=\"features-square-image-innerrow\" data-type=\"row\"> <div  class=\"features-square-image-featcol cp4cols cp6cols-tablet\">    <\/div>   <\/div> <\/div><\/div><div  data-label=\"Overlapable\" data-id=\"stripped-coloured-icon-boxes\" data-category=\"overlapable\" class=\"features-coloured-icon-boxes-section stripped-coloured-icon-boxes\" data-overlap=\"true\" id=\"overlapable-2\" style=\"background-color: rgb(246, 246, 246);\"> <div  class=\"\"> <div  class=\"features-coloured-icon-boxes-innerrow flexbox-list dark-text\" data-type=\"row\"> <div  class=\"features-coloured-icon-boxes-featurecol cp3cols\">  <h3  class=\"\">Publicita<\/h3><div  class=\"spacer\" data-type=\"group\"><span  class=\"fa before\"><\/span><i  class=\"fa fa-bandcamp\"><\/i><span  class=\"fa after\"><\/span><\/div>   <img  decoding=\"async\" class=\"custom-image\" src=\"http:\/\/www.vnenergy.cz\/wp-content\/uploads\/2024\/07\/PUBLICITA-NPO-VN-ENERGY.jpg\" alt=\"\"><img  decoding=\"async\" class=\"custom-image\" src=\"http:\/\/www.vnenergy.cz\/wp-content\/uploads\/2024\/07\/1711463373769-scaled.jpg\" alt=\"\"><img  decoding=\"async\" class=\"custom-image\" src=\"http:\/\/www.vnenergy.cz\/wp-content\/uploads\/2024\/07\/1711463373762-scaled.jpg\" alt=\"\"><\/div> <div  class=\"features-coloured-icon-boxes-featurecol cp3cols\">     <h3  class=\"\">P\u0159ed realizac\u00ed<\/h3><div  class=\"spacer\" data-type=\"group\"><span  class=\"fa before\"><\/span><i  class=\"fa fa-bandcamp\"><\/i><span  class=\"fa after\"><\/span><\/div><img  decoding=\"async\" class=\"custom-image\" src=\"http:\/\/www.vnenergy.cz\/wp-content\/uploads\/2024\/07\/IMG20231103160604-scaled.jpg\" alt=\"\"><img  decoding=\"async\" class=\"custom-image\" src=\"http:\/\/www.vnenergy.cz\/wp-content\/uploads\/2024\/07\/IMG20231103160606-scaled.jpg\" alt=\"\"><img  decoding=\"async\" class=\"custom-image\" src=\"http:\/\/www.vnenergy.cz\/wp-content\/uploads\/2024\/07\/IMG20231103160640-scaled.jpg\" alt=\"\"><img  decoding=\"async\" class=\"custom-image\" src=\"http:\/\/www.vnenergy.cz\/wp-content\/uploads\/2024\/07\/IMG20231103160649-scaled.jpg\" alt=\"\"><\/div> <div  class=\"features-coloured-icon-boxes-featurecol cp3cols\">  <h3  class=\"\">V pr\u016fb\u011bhu realizace<\/h3><div  class=\"spacer\" data-type=\"group\"><span  class=\"fa before\"><\/span><i  class=\"fa fa-bandcamp\"><\/i><span  class=\"fa after\"><\/span><\/div>   <img  decoding=\"async\" class=\"custom-image\" src=\"http:\/\/www.vnenergy.cz\/wp-content\/uploads\/2024\/07\/IMG_5540-scaled.jpg\" alt=\"\"><img  decoding=\"async\" class=\"custom-image\" src=\"http:\/\/www.vnenergy.cz\/wp-content\/uploads\/2024\/07\/IMG_5526-scaled.jpg\" alt=\"\"><img  decoding=\"async\" class=\"custom-image\" src=\"http:\/\/www.vnenergy.cz\/wp-content\/uploads\/2024\/07\/IMG_5506-scaled.jpg\" alt=\"\"><img  decoding=\"async\" class=\"custom-image\" src=\"http:\/\/www.vnenergy.cz\/wp-content\/uploads\/2024\/07\/IMG_5518-scaled.jpg\" alt=\"\"><\/div> <div  class=\"features-coloured-icon-boxes-featurecol cp3cols\">     <h3  class=\"\">Po realizaci<\/h3><div  class=\"spacer\" data-type=\"group\"><span  class=\"fa before\"><\/span><i  class=\"fa fa-bandcamp\"><\/i><span  class=\"fa after\"><\/span><\/div><img  decoding=\"async\" class=\"custom-image\" src=\"http:\/\/www.vnenergy.cz\/wp-content\/uploads\/2024\/07\/IMG_5660-scaled.jpg\" alt=\"\"><img  decoding=\"async\" class=\"custom-image\" src=\"http:\/\/www.vnenergy.cz\/wp-content\/uploads\/2024\/07\/IMG_2353-scaled.jpg\" alt=\"\"><img  decoding=\"async\" class=\"custom-image\" src=\"http:\/\/www.vnenergy.cz\/wp-content\/uploads\/2024\/07\/IMG_2367-scaled.jpg\" alt=\"\"><img  decoding=\"async\" class=\"custom-image\" src=\"http:\/\/www.vnenergy.cz\/wp-content\/uploads\/2024\/07\/IMG_2349-scaled.jpg\" alt=\"\"><img  decoding=\"async\" class=\"custom-image\" src=\"http:\/\/www.vnenergy.cz\/wp-content\/uploads\/2024\/07\/IMG_2346-scaled.jpg\" alt=\"\"><\/div> <\/div> <\/div><\/div><div  data-label=\"Licence\" data-id=\"features-image-cards-section\" data-category=\"features\" class=\"features-image-cards-section\" style=\"background-color: rgb(255, 255, 255);\" id=\"licence\"> <div  class=\"\"> <div  class=\"features-image-cards-textrow\"> <div  class=\"features-image-cards-textcol dynamic-color\" data-type=\"column\"> <h2  class=\"\">Licence<\/h2>  <div  class=\"spacer\" data-type=\"group\"><span  class=\"fa before\"><\/span><i  class=\"fa fa-bandcamp\"><\/i><span  class=\"fa after\"><\/span><\/div><\/div> <\/div> <div  class=\"features-image-cards-innerrow flexbox-list dark-text\" data-type=\"row\"> <div  class=\"features-image-cards-cardcol cp6cols-tablet cp6cols\"> <div  class=\"features-image-cards-cardrow\"> <div  class=\"features-image-cards-cardtextrow\" data-type=\"column\">  <h4  class=\"\">\u010c\u00edslo licence 121935750<\/h4> <hr  class=\"features-image-cards-separator\"> <a href=\"https:\/\/licence.eru.gov.cz\/detail.php?lic-id=121935750&amp;sequence=1%2C2&amp;total=2\" class=\"\" target=\"_blank\" rel=\"noopener\">Odkaz na ER\u00da<\/a><img  decoding=\"async\" class=\"custom-image\" src=\"#\"><div  class=\"spacer\" data-type=\"group\"><span  class=\"fa before\"><\/span><i  class=\"fa fa-bandcamp\"><\/i><span  class=\"fa after\"><\/span><\/div><img  decoding=\"async\" class=\"custom-image\" src=\"http:\/\/www.vnenergy.cz\/wp-content\/uploads\/2024\/07\/Licence_121935750.png\" alt=\"\"><\/div> <\/div> <\/div> <div  class=\"features-image-cards-cardcol cp6cols-tablet cp6cols\"> <div  class=\"features-image-cards-cardrow\"> <div  class=\"features-image-cards-cardtextrow\" data-type=\"column\"> <h4  class=\"\">\u010c\u00edslo licence\t141935751<\/h4>  <hr  class=\"features-image-cards-separator\"> <a href=\"https:\/\/licence.eru.gov.cz\/detail.php?lic-id=141935751&amp;sequence=&amp;total=0\" class=\"\" target=\"_blank\" rel=\"noopener\">Odkaz na ER\u00da<\/a><div  class=\"spacer\" data-type=\"group\"><span  class=\"fa before\"><\/span><i  class=\"fa fa-bandcamp\"><\/i><span  class=\"fa after\"><\/span><\/div><img  decoding=\"async\" class=\"custom-image\" src=\"http:\/\/www.vnenergy.cz\/wp-content\/uploads\/2024\/07\/Licence_141935751.png\" alt=\"\"><\/div> <\/div> <\/div>  <\/div> <\/div><\/div><div  data-label=\"LDS BCF\" data-id=\"testimonials-boxed-section\" data-category=\"testimonials\" class=\"testimonials-boxed-section\" id=\"lds-bcf\" style=\"background-color: rgb(246, 246, 246);\"> <div  class=\"gridContainer\"> <div  class=\"testimonials-boxed-textcol dynamic-color\" data-type=\"column\"> <h2  class=\"\">LDS BCF<\/h2>  <div  class=\"spacer\" data-type=\"group\"><span  class=\"fa before\"><\/span><i  class=\"fa fa-bandcamp\"><\/i><span  class=\"fa after\"><\/span><\/div><\/div> <div  class=\"testimonials-boxed-itemsrow dark-text\" data-type=\"row\">   <div  class=\"testimonials-boxed-itemcol cp6cols-tablet cp12cols\"> <div  class=\"testimonials-boxed-itemcard\" data-type=\"column\">    <img decoding=\"async\"  class=\"custom-image\" src=\"http:\/\/www.vnenergy.cz\/wp-content\/uploads\/2024\/07\/cropped-Licence_121935750_MKT_.png\" alt=\"\"><\/div> <\/div> <\/div> <\/div><\/div><div  data-label=\"LDS MKT\" data-id=\"testimonials-full-section\" data-category=\"testimonials\" id=\"lds-mkt\" class=\"testimonials-full-section\" style=\"background-color: rgb(255, 255, 255);\"> <div  class=\"testimonials-full-section\"> <div  class=\"testimonials-full-textrow dynamic-color\"> <div  class=\"testimonials-full-textcol\" data-type=\"column\"> <h2  class=\"\">LDS MKT<\/h2>  <div  class=\"spacer\" data-type=\"group\"><span  class=\"fa before\"><\/span><i  class=\"fa fa-bandcamp\"><\/i><span  class=\"fa after\"><\/span><\/div><\/div> <\/div> <div  class=\"testimonials-full-itemsrow dynamic-color\" data-type=\"row\"> <div  class=\"testimonials-full-itemcol cp6cols-tablet cp12cols\"> <div  class=\"testimonials-full-imgcol\" data-preview-empty=\"1\"> <\/div> <div  class=\"testimonials-full-itemtextcol\" data-type=\"column\">    <\/div> <\/div>   <\/div> <\/div><\/div><div data-label=\"Overlapable\" data-id=\"stripped-features-image-cards-section\" data-category=\"overlapable\" data-=\"\" class=\"features-image-cards-section stripped-features-image-cards-section\" data-overlap=\"true\" id=\"overlapable-3\"  style=\"background-color: rgb(255, 255, 255);\"> <div class=\"gridContainer\" > <div class=\"features-image-cards-innerrow flexbox-list\" data-type=\"row\" >  <div class=\"features-image-cards-cardcol cp6cols-tablet cp12cols\" > <div class=\"features-image-cards-cardrow\" ><img decoding=\"async\" class=\"features-image-cards-featimg\" src=\"http:\/\/www.vnenergy.cz\/wp-content\/uploads\/2024\/07\/Licence_121935750_MKT.png\"  alt=\"\"> <div class=\"features-image-cards-cardtextrow\" data-type=\"column\" >   <a href=\"\" class=\"\" target=\"_self\" data-reiki-hidden=\"true\" rel=\"noopener\"><i data-cp-fa=\"true\" class=\"font-icon-22 fa fa-arrow-circle-right\" ><\/i>&nbsp;learn more<\/a> <\/div> <\/div> <\/div>  <\/div> <\/div><\/div><div data-label=\"Kontakt\" data-id=\"content-image-right\" data-category=\"content\" class=\"content-right-image-section content-image-right\" id=\"kontakt\"  style=\"background-color: rgb(246, 246, 246);\"> <div class=\"gridContainer\" > <div class=\"content-right-image-gridcol\" > <div class=\"content-right-image-textcol dynamic-color\" data-type=\"column\" > <h2 class=\"\" >Kontakt<\/h2>   <\/div> <div class=\"content-right-image-imgcol\" data-type=\"column\" >  <\/div> <\/div> <\/div> <\/div>","protected":false},"excerpt":{"rendered":"<p>FVE Mod\u0159any Publicita P\u0159ed realizac\u00ed V pr\u016fb\u011bhu realizace Po realizaci Licence \u010c\u00edslo licence 121935750 Odkaz na ER\u00da \u010c\u00edslo licence 141935751 Odkaz na ER\u00da LDS BCF LDS MKT &nbsp;learn more Kontakt<\/p>\n","protected":false},"author":1,"featured_media":0,"parent":0,"menu_order":0,"comment_status":"closed","ping_status":"closed","template":"","meta":{"footnotes":""},"class_list":["post-1240","page","type-page","status-publish","hentry"],"_links":{"self":[{"href":"https:\/\/www.vnenergy.cz\/index.php?rest_route=\/wp\/v2\/pages\/1240","targetHints":{"allow":["GET"]}}],"collection":[{"href":"https:\/\/www.vnenergy.cz\/index.php?rest_route=\/wp\/v2\/pages"}],"about":[{"href":"https:\/\/www.vnenergy.cz\/index.php?rest_route=\/wp\/v2\/types\/page"}],"author":[{"embeddable":true,"href":"https:\/\/www.vnenergy.cz\/index.php?rest_route=\/wp\/v2\/users\/1"}],"replies":[{"embeddable":true,"href":"https:\/\/www.vnenergy.cz\/index.php?rest_route=%2Fwp%2Fv2%2Fcomments&post=1240"}],"version-history":[{"count":59,"href":"https:\/\/www.vnenergy.cz\/index.php?rest_route=\/wp\/v2\/pages\/1240\/revisions"}],"predecessor-version":[{"id":1418,"href":"https:\/\/www.vnenergy.cz\/index.php?rest_route=\/wp\/v2\/pages\/1240\/revisions\/1418"}],"wp:attachment":[{"href":"https:\/\/www.vnenergy.cz\/index.php?rest_route=%2Fwp%2Fv2%2Fmedia&parent=1240"}],"curies":[{"name":"wp","href":"https:\/\/api.w.org\/{rel}","templated":true}]}}